{"id":5549,"date":"2026-04-11T10:14:31","date_gmt":"2026-04-11T07:14:31","guid":{"rendered":"https:\/\/www.prohit.com.tr\/?page_id=5549"},"modified":"2026-04-11T16:26:06","modified_gmt":"2026-04-11T13:26:06","slug":"hakkimizda-2","status":"publish","type":"page","link":"https:\/\/www.prohit.com.tr\/index.php\/hakkimizda-2\/","title":{"rendered":"Hakk\u0131m\u0131zda"},"content":{"rendered":"\n<p><strong><a href=\"https:\/\/www.prohit.com.tr\/\">Prohit M\u00fchendislik Ltd. ti.<\/a><\/strong> yurt i\u00e7i ve yurt d\u0131\u015f\u0131nda faaliyet g\u00f6steren kamu ve \u00f6zel sekt\u00f6r kurulu\u015flar\u0131na m\u00fchendislik ve in\u015faat alan\u0131nda hizmet sa\u011flamak \u00fczere, 1995 y\u0131l\u0131nda, \u0130stanbul merkezli olarak faaliyete ba\u015flam\u0131\u015ft\u0131r. Firmam\u0131z, \u00fclke kalk\u0131nmas\u0131nda b\u00fcy\u00fck pay\u0131 olan, her t\u00fcrl\u00fc m\u00fchendislik hizmetleri, end\u00fcstriyel tesisler, demiryolu, karayolu ula\u015f\u0131m proje \u00e7\u00f6z\u00fcmleri sunarken isabetli ve g\u00fcvenilir sonu\u00e7lar \u00fcretmektedir. Teknolojiye ve gelece\u011fe \u00f6nem veren firmam\u0131z en geli\u015fmi\u015f teknolojik tasar\u0131m ve detayland\u0131rma enstr\u00fcmanlar\u0131n\u0131 kullanarak, y\u00fcr\u00fcrl\u00fckteki ulusal ve uluslararas\u0131 tasar\u0131m standartlar\u0131nda hizmet vermektedir. Hizmet verdi\u011fimiz kurumlar nezdinde elde etti\u011fimiz g\u00fcven ve kaliteyi muhafaza etmeye, her ge\u00e7en g\u00fcn daha ileriye ta\u015f\u0131ma arzusu ve kararl\u0131l\u0131\u011f\u0131 ile yurti\u00e7inde ve yurtd\u0131\u015f\u0131nda projeler ger\u00e7ekle\u015ftirmeye devam etmekteyiz.<\/p>\n\n\n\n<div class=\"wp-block-columns is-layout-flex wp-container-core-columns-is-layout-9d6595d7 wp-block-columns-is-layout-flex\">\n<div class=\"wp-block-column is-layout-flow wp-block-column-is-layout-flow\">\n<figure class=\"wp-block-image size-full\"><img loading=\"lazy\" decoding=\"async\" width=\"265\" height=\"443\" src=\"https:\/\/www.prohit.com.tr\/wp-content\/uploads\/hakkimizda4.png\" alt=\"\" class=\"wp-image-5564\" srcset=\"https:\/\/www.prohit.com.tr\/wp-content\/uploads\/hakkimizda4.png 265w, https:\/\/www.prohit.com.tr\/wp-content\/uploads\/hakkimizda4-179x300.png 179w\" sizes=\"auto, (max-width: 265px) 100vw, 265px\" \/><\/figure>\n<\/div>\n\n\n\n<div class=\"wp-block-column is-layout-flow wp-block-column-is-layout-flow\">\n<figure class=\"wp-block-image size-full\"><img loading=\"lazy\" decoding=\"async\" width=\"265\" height=\"443\" src=\"https:\/\/www.prohit.com.tr\/wp-content\/uploads\/hakkimizda1.png\" alt=\"\" class=\"wp-image-5563\" srcset=\"https:\/\/www.prohit.com.tr\/wp-content\/uploads\/hakkimizda1.png 265w, https:\/\/www.prohit.com.tr\/wp-content\/uploads\/hakkimizda1-179x300.png 179w\" sizes=\"auto, (max-width: 265px) 100vw, 265px\" \/><\/figure>\n<\/div>\n\n\n\n<div class=\"wp-block-column is-layout-flow wp-block-column-is-layout-flow\"><\/div>\n<\/div>\n\n\n\n<div class=\"wp-block-columns is-layout-flex wp-container-core-columns-is-layout-9d6595d7 wp-block-columns-is-layout-flex\">\n<div class=\"wp-block-column is-layout-flow wp-block-column-is-layout-flow\">\n<figure class=\"wp-block-gallery has-nested-images columns-default is-cropped wp-block-gallery-1 is-layout-flex wp-block-gallery-is-layout-flex\">\n<figure class=\"wp-block-image size-large\"><img loading=\"lazy\" decoding=\"async\" width=\"624\" height=\"435\" data-id=\"5565\" src=\"https:\/\/www.prohit.com.tr\/wp-content\/uploads\/hakkimizda2.png\" alt=\"\" class=\"wp-image-5565\" srcset=\"https:\/\/www.prohit.com.tr\/wp-content\/uploads\/hakkimizda2.png 624w, https:\/\/www.prohit.com.tr\/wp-content\/uploads\/hakkimizda2-300x209.png 300w\" sizes=\"auto, (max-width: 624px) 100vw, 624px\" \/><\/figure>\n<\/figure>\n<\/div>\n\n\n\n<div class=\"wp-block-column is-layout-flow wp-block-column-is-layout-flow\">\n<figure class=\"wp-block-image size-full\"><img loading=\"lazy\" decoding=\"async\" width=\"624\" height=\"435\" src=\"https:\/\/www.prohit.com.tr\/wp-content\/uploads\/hakkimizda3.png\" alt=\"\" class=\"wp-image-5566\" srcset=\"https:\/\/www.prohit.com.tr\/wp-content\/uploads\/hakkimizda3.png 624w, https:\/\/www.prohit.com.tr\/wp-content\/uploads\/hakkimizda3-300x209.png 300w\" sizes=\"auto, (max-width: 624px) 100vw, 624px\" \/><\/figure>\n<\/div>\n<\/div>\n\n\n\n<h2 class=\"wp-block-heading\">De\u011ferlerimiz<\/h2>\n\n\n\n<p>\u0130nsan odakl\u0131, \u00e7evreye duyarl\u0131 g\u00fcvenli \u00e7al\u0131\u015fmak, d\u00fcr\u00fcst ve ilkeli olmak, bilimsel \u00e7\u00f6z\u00fcmler sunmak,yenlik\u00e7i ve yarat\u0131c\u0131 olmak, uyumlu tak\u0131m \u00e7al\u0131\u015fmas\u0131ndan \u00f6d\u00fcn vermemek.<\/p>\n\n\n\n<h2 class=\"wp-block-heading\">Misyonumuz<\/h2>\n\n\n\n<p>Yeti\u015fmi\u015f nitelikli insan g\u00fcc\u00fcne \u00f6nem vermek, e\u011fitim faaliyetleri ile desteklemek, ahlaki ilkelere ba\u011fl\u0131, \u00e7evre sa\u011fl\u0131\u011f\u0131 ve i\u015f g\u00fcvenli\u011fini \u00f6n planda tutmak, m\u00fc\u015fterilerimize y\u00fcksek kalitede hizmet sunmak.<\/p>\n\n\n\n<h2 class=\"wp-block-heading\">Vizyonumuz<\/h2>\n\n\n\n<p>Y\u00fcksek do\u011frulukta, h\u0131zl\u0131, detayl\u0131, teknolojik \u00e7al\u0131\u015fmalarla ula\u015f\u0131m<br>ve end\u00fcstriyel \u00e7\u00f6z\u00fcmlerde lider kurulu\u015f olmak.<\/p>\n\n\n\n<ul class=\"wp-block-list\">\n<li>E\u015fsiz M\u00fchendislik<\/li>\n\n\n\n<li>Sertifikal\u0131 Hizmet<\/li>\n\n\n\n<li>Hizmet Sonras\u0131 Destek<\/li>\n\n\n\n<li>Uzman Kadro<\/li>\n<\/ul>\n\n\n\n<h2 class=\"wp-block-heading\">Bizimle Yeni Projelere Haz\u0131r m\u0131s\u0131n\u0131z?<\/h2>\n\n\n\n<p>Prohit M\u00fchendislik, kendi e\u011fitimli personeli ile yurt i\u00e7i ve yurt d\u0131\u015f\u0131ndaki m\u00fc\u015fterilerine hizmet vermektedir.<\/p>\n\n\n\n<h2 class=\"wp-block-heading\">Kalite ve Sertifikalar\u0131m\u0131z<\/h2>\n\n\n\n<p>Ula\u015f\u0131m, harita ve m\u00fchendislik faaliyetlerimiz, uluslararas\u0131 ISO kalite y\u00f6netim sistemleri \u00e7er\u00e7evesinde y\u00fcr\u00fct\u00fclmektedir.<\/p>\n\n\n<div class=\"wp-block-image\">\n<figure class=\"aligncenter size-full\"><a class=\"class=&quot;pdf-link external-link&quot;\" href=\"https:\/\/www.prohit.com.tr\/wp-content\/uploads\/PROHIT-15504.pdf\" target=\"_blank\" rel=\" noreferrer noopener\"><img loading=\"lazy\" decoding=\"async\" width=\"236\" height=\"334\" src=\"https:\/\/www.prohit.com.tr\/wp-content\/uploads\/PROHIT-15504-TS-ISO-IEC-15504.png\" alt=\"TS ISO\/IEC 15504\" class=\"wp-image-5578\" srcset=\"https:\/\/www.prohit.com.tr\/wp-content\/uploads\/PROHIT-15504-TS-ISO-IEC-15504.png 236w, https:\/\/www.prohit.com.tr\/wp-content\/uploads\/PROHIT-15504-TS-ISO-IEC-15504-212x300.png 212w\" sizes=\"auto, (max-width: 236px) 100vw, 236px\" \/><\/a><figcaption class=\"wp-element-caption\">TS ISO\/IEC 15504<\/figcaption><\/figure>\n<\/div>\n\n<div class=\"wp-block-image\">\n<figure class=\"aligncenter size-full\"><a class=\"class=&quot;pdf-link external-link&quot;\" href=\"https:\/\/www.prohit.com.tr\/wp-content\/uploads\/PROHIT-33002.pdf\" target=\"_blank\" rel=\" noreferrer noopener\"><img loading=\"lazy\" decoding=\"async\" width=\"236\" height=\"334\" src=\"https:\/\/www.prohit.com.tr\/wp-content\/uploads\/PROHIT-33002-ISOIEC-33002.png\" alt=\"\" class=\"wp-image-5534\" srcset=\"https:\/\/www.prohit.com.tr\/wp-content\/uploads\/PROHIT-33002-ISOIEC-33002.png 236w, https:\/\/www.prohit.com.tr\/wp-content\/uploads\/PROHIT-33002-ISOIEC-33002-212x300.png 212w\" sizes=\"auto, (max-width: 236px) 100vw, 236px\" \/><\/a><figcaption class=\"wp-element-caption\">ISO\/IEC 33002<\/figcaption><\/figure>\n<\/div>\n\n<div class=\"wp-block-image\">\n<figure class=\"aligncenter size-full\"><a class=\"class=&quot;pdf-link external-link&quot;\" href=\"https:\/\/www.prohit.com.tr\/wp-content\/uploads\/PROHIT-MUHENDISLIK-Sertifika-9001-Turkak-R.1.pdf\" target=\"_blank\" rel=\" noreferrer noopener\"><img loading=\"lazy\" decoding=\"async\" width=\"236\" height=\"334\" src=\"https:\/\/www.prohit.com.tr\/wp-content\/uploads\/PROHIT-MUHENDISLIK-Sertifika-9001-Turkak-R1-ISO-9001-2015.png\" alt=\"\" class=\"wp-image-5536\" srcset=\"https:\/\/www.prohit.com.tr\/wp-content\/uploads\/PROHIT-MUHENDISLIK-Sertifika-9001-Turkak-R1-ISO-9001-2015.png 236w, https:\/\/www.prohit.com.tr\/wp-content\/uploads\/PROHIT-MUHENDISLIK-Sertifika-9001-Turkak-R1-ISO-9001-2015-212x300.png 212w\" sizes=\"auto, (max-width: 236px) 100vw, 236px\" \/><\/a><figcaption class=\"wp-element-caption\">ISO 9001:2015<\/figcaption><\/figure>\n<\/div>\n\n<div class=\"wp-block-image\">\n<figure class=\"aligncenter size-full\"><a class=\"class=&quot;pdf-link external-link&quot;\" href=\"https:\/\/www.prohit.com.tr\/wp-content\/uploads\/PROHIT-MUHENDISLIK-Sertifika-27001-2022-Turkak-R.2.pdf\" target=\"_blank\" rel=\" noreferrer noopener\"><img loading=\"lazy\" decoding=\"async\" width=\"236\" height=\"334\" src=\"https:\/\/www.prohit.com.tr\/wp-content\/uploads\/PROHIT-MUHENDISLIK-Sertifika-27001-2022-Turkak-R.2-TS-EN-ISOIEC-270012022.png\" alt=\"\" class=\"wp-image-5535\" srcset=\"https:\/\/www.prohit.com.tr\/wp-content\/uploads\/PROHIT-MUHENDISLIK-Sertifika-27001-2022-Turkak-R.2-TS-EN-ISOIEC-270012022.png 236w, https:\/\/www.prohit.com.tr\/wp-content\/uploads\/PROHIT-MUHENDISLIK-Sertifika-27001-2022-Turkak-R.2-TS-EN-ISOIEC-270012022-212x300.png 212w\" sizes=\"auto, (max-width: 236px) 100vw, 236px\" \/><\/a><figcaption class=\"wp-element-caption\">TS EN ISO\/IEC 27001:2022<\/figcaption><\/figure>\n<\/div>\n\n\n<div class=\"wp-block-columns is-layout-flex wp-container-core-columns-is-layout-9d6595d7 wp-block-columns-is-layout-flex\">\n<div class=\"wp-block-column is-layout-flow wp-block-column-is-layout-flow\"><\/div>\n<\/div>\n\n\n\n<p><a href=\"https:\/\/www.prohit.com.tr\/index.php\/iletisim\/\"><\/a><\/p>\n\n\n\n<h2 class=\"wp-block-heading\">\u00dcyeliklerimiz<\/h2>\n\n\n\n<div class=\"wp-block-columns is-layout-flex wp-container-core-columns-is-layout-9d6595d7 wp-block-columns-is-layout-flex\">\n<div class=\"wp-block-column is-layout-flow wp-block-column-is-layout-flow\">\n<figure class=\"wp-block-image size-full\"><img loading=\"lazy\" decoding=\"async\" width=\"142\" height=\"171\" src=\"https:\/\/www.prohit.com.tr\/wp-content\/uploads\/TMMOB.png\" alt=\"TMMOB prohit\" class=\"wp-image-5592\"\/><\/figure>\n<\/div>\n\n\n\n<div class=\"wp-block-column is-layout-flow wp-block-column-is-layout-flow\">\n<figure class=\"wp-block-image size-full\"><img loading=\"lazy\" decoding=\"async\" width=\"142\" height=\"171\" src=\"https:\/\/www.prohit.com.tr\/wp-content\/uploads\/TDMMB.png\" alt=\"TDMMB prohit\" class=\"wp-image-5593\"\/><\/figure>\n<\/div>\n\n\n\n<div class=\"wp-block-column is-layout-flow wp-block-column-is-layout-flow\">\n<figure class=\"wp-block-image size-full\"><img loading=\"lazy\" decoding=\"async\" width=\"142\" height=\"171\" src=\"https:\/\/www.prohit.com.tr\/wp-content\/uploads\/FCIC-logo.png\" alt=\"FCIC prohit\" class=\"wp-image-5594\"\/><\/figure>\n<\/div>\n\n\n\n<div class=\"wp-block-column is-layout-flow wp-block-column-is-layout-flow\">\n<figure class=\"wp-block-image size-full\"><img loading=\"lazy\" decoding=\"async\" width=\"142\" height=\"171\" src=\"https:\/\/www.prohit.com.tr\/wp-content\/uploads\/TurkMMMB.png\" alt=\"T\u00fcrkMMMB prohit\" class=\"wp-image-5591\"\/><\/figure>\n<\/div>\n<\/div>\n\n\n\n<p><a href=\"https:\/\/www.prohit.com.tr\/\">Bize ula\u015f\u0131n<\/a><\/p>\n\n\n\n<p><\/p>\n","protected":false},"excerpt":{"rendered":"<p>Prohit M\u00fchendislik Ltd. ti. yurt i\u00e7i ve yurt d\u0131\u015f\u0131nda faaliyet g\u00f6steren kamu ve \u00f6zel sekt\u00f6r kurulu\u015flar\u0131na m\u00fchendislik ve in\u015faat alan\u0131nda hizmet sa\u011flamak \u00fczere, 1995 y\u0131l\u0131nda, \u0130stanbul merkezli olarak faaliyete ba\u015flam\u0131\u015ft\u0131r. Firmam\u0131z, \u00fclke kalk\u0131nmas\u0131nda b\u00fcy\u00fck pay\u0131 olan, her t\u00fcrl\u00fc m\u00fchendislik hizmetleri, end\u00fcstriyel tesisler, demiryolu, karayolu ula\u015f\u0131m proje \u00e7\u00f6z\u00fcmleri sunarken isabetli ve g\u00fcvenilir sonu\u00e7lar \u00fcretmektedir. Teknolojiye ve [&hellip;]<\/p>\n","protected":false},"author":2,"featured_media":0,"parent":0,"menu_order":0,"comment_status":"closed","ping_status":"closed","template":"","meta":{"inline_featured_image":false,"footnotes":""},"class_list":["post-5549","page","type-page","status-publish","hentry"],"yoast_head":"<!-- This site is optimized with the Yoast SEO plugin v21.1 - https:\/\/yoast.com\/wordpress\/plugins\/seo\/ -->\n<title>Hakk\u0131m\u0131zda - Prohit<\/title>\n<meta name=\"robots\" content=\"index, follow, max-snippet:-1, max-image-preview:large, max-video-preview:-1\" \/>\n<link rel=\"canonical\" href=\"https:\/\/www.prohit.com.tr\/index.php\/hakkimizda-2\/\" \/>\n<meta property=\"og:locale\" content=\"tr_TR\" \/>\n<meta property=\"og:type\" content=\"article\" \/>\n<meta property=\"og:title\" content=\"Hakk\u0131m\u0131zda - Prohit\" \/>\n<meta property=\"og:description\" content=\"Prohit M\u00fchendislik Ltd. ti. yurt i\u00e7i ve yurt d\u0131\u015f\u0131nda faaliyet g\u00f6steren kamu ve \u00f6zel sekt\u00f6r kurulu\u015flar\u0131na m\u00fchendislik ve in\u015faat alan\u0131nda hizmet sa\u011flamak \u00fczere, 1995 y\u0131l\u0131nda, \u0130stanbul merkezli olarak faaliyete ba\u015flam\u0131\u015ft\u0131r. Firmam\u0131z, \u00fclke kalk\u0131nmas\u0131nda b\u00fcy\u00fck pay\u0131 olan, her t\u00fcrl\u00fc m\u00fchendislik hizmetleri, end\u00fcstriyel tesisler, demiryolu, karayolu ula\u015f\u0131m proje \u00e7\u00f6z\u00fcmleri sunarken isabetli ve g\u00fcvenilir sonu\u00e7lar \u00fcretmektedir. Teknolojiye ve [&hellip;]\" \/>\n<meta property=\"og:url\" content=\"https:\/\/www.prohit.com.tr\/index.php\/hakkimizda-2\/\" \/>\n<meta property=\"og:site_name\" content=\"Prohit\" \/>\n<meta property=\"article:modified_time\" content=\"2026-04-11T13:26:06+00:00\" \/>\n<meta property=\"og:image\" content=\"https:\/\/www.prohit.com.tr\/wp-content\/uploads\/hakkimizda4.png\" \/>\n<meta name=\"twitter:card\" content=\"summary_large_image\" \/>\n<meta name=\"twitter:label1\" content=\"Tahmini okuma s\u00fcresi\" \/>\n\t<meta name=\"twitter:data1\" content=\"4 dakika\" \/>\n<script type=\"application\/ld+json\" class=\"yoast-schema-graph\">{\"@context\":\"https:\/\/schema.org\",\"@graph\":[{\"@type\":\"WebPage\",\"@id\":\"https:\/\/www.prohit.com.tr\/index.php\/hakkimizda-2\/\",\"url\":\"https:\/\/www.prohit.com.tr\/index.php\/hakkimizda-2\/\",\"name\":\"Hakk\u0131m\u0131zda - Prohit\",\"isPartOf\":{\"@id\":\"https:\/\/www.prohit.com.tr\/#website\"},\"datePublished\":\"2026-04-11T07:14:31+00:00\",\"dateModified\":\"2026-04-11T13:26:06+00:00\",\"breadcrumb\":{\"@id\":\"https:\/\/www.prohit.com.tr\/index.php\/hakkimizda-2\/#breadcrumb\"},\"inLanguage\":\"tr\",\"potentialAction\":[{\"@type\":\"ReadAction\",\"target\":[\"https:\/\/www.prohit.com.tr\/index.php\/hakkimizda-2\/\"]}]},{\"@type\":\"BreadcrumbList\",\"@id\":\"https:\/\/www.prohit.com.tr\/index.php\/hakkimizda-2\/#breadcrumb\",\"itemListElement\":[{\"@type\":\"ListItem\",\"position\":1,\"name\":\"Anasayfa\",\"item\":\"https:\/\/www.prohit.com.tr\/\"},{\"@type\":\"ListItem\",\"position\":2,\"name\":\"Hakk\u0131m\u0131zda\"}]},{\"@type\":\"WebSite\",\"@id\":\"https:\/\/www.prohit.com.tr\/#website\",\"url\":\"https:\/\/www.prohit.com.tr\/\",\"name\":\"Prohit\",\"description\":\"M\u00fchendislik\",\"publisher\":{\"@id\":\"https:\/\/www.prohit.com.tr\/#organization\"},\"potentialAction\":[{\"@type\":\"SearchAction\",\"target\":{\"@type\":\"EntryPoint\",\"urlTemplate\":\"https:\/\/www.prohit.com.tr\/?s={search_term_string}\"},\"query-input\":\"required name=search_term_string\"}],\"inLanguage\":\"tr\"},{\"@type\":\"Organization\",\"@id\":\"https:\/\/www.prohit.com.tr\/#organization\",\"name\":\"Prohit\",\"url\":\"https:\/\/www.prohit.com.tr\/\",\"logo\":{\"@type\":\"ImageObject\",\"inLanguage\":\"tr\",\"@id\":\"https:\/\/www.prohit.com.tr\/#\/schema\/logo\/image\/\",\"url\":\"https:\/\/www.prohit.com.tr\/wp-content\/uploads\/2023\/01\/LOGO-1.png\",\"contentUrl\":\"https:\/\/www.prohit.com.tr\/wp-content\/uploads\/2023\/01\/LOGO-1.png\",\"width\":1024,\"height\":457,\"caption\":\"Prohit\"},\"image\":{\"@id\":\"https:\/\/www.prohit.com.tr\/#\/schema\/logo\/image\/\"}}]}<\/script>\n<!-- \/ Yoast SEO plugin. -->","yoast_head_json":{"title":"Hakk\u0131m\u0131zda - Prohit","robots":{"index":"index","follow":"follow","max-snippet":"max-snippet:-1","max-image-preview":"max-image-preview:large","max-video-preview":"max-video-preview:-1"},"canonical":"https:\/\/www.prohit.com.tr\/index.php\/hakkimizda-2\/","og_locale":"tr_TR","og_type":"article","og_title":"Hakk\u0131m\u0131zda - Prohit","og_description":"Prohit M\u00fchendislik Ltd. ti. yurt i\u00e7i ve yurt d\u0131\u015f\u0131nda faaliyet g\u00f6steren kamu ve \u00f6zel sekt\u00f6r kurulu\u015flar\u0131na m\u00fchendislik ve in\u015faat alan\u0131nda hizmet sa\u011flamak \u00fczere, 1995 y\u0131l\u0131nda, \u0130stanbul merkezli olarak faaliyete ba\u015flam\u0131\u015ft\u0131r. Firmam\u0131z, \u00fclke kalk\u0131nmas\u0131nda b\u00fcy\u00fck pay\u0131 olan, her t\u00fcrl\u00fc m\u00fchendislik hizmetleri, end\u00fcstriyel tesisler, demiryolu, karayolu ula\u015f\u0131m proje \u00e7\u00f6z\u00fcmleri sunarken isabetli ve g\u00fcvenilir sonu\u00e7lar \u00fcretmektedir. Teknolojiye ve [&hellip;]","og_url":"https:\/\/www.prohit.com.tr\/index.php\/hakkimizda-2\/","og_site_name":"Prohit","article_modified_time":"2026-04-11T13:26:06+00:00","og_image":[{"url":"https:\/\/www.prohit.com.tr\/wp-content\/uploads\/hakkimizda4.png"}],"twitter_card":"summary_large_image","twitter_misc":{"Tahmini okuma s\u00fcresi":"4 dakika"},"schema":{"@context":"https:\/\/schema.org","@graph":[{"@type":"WebPage","@id":"https:\/\/www.prohit.com.tr\/index.php\/hakkimizda-2\/","url":"https:\/\/www.prohit.com.tr\/index.php\/hakkimizda-2\/","name":"Hakk\u0131m\u0131zda - Prohit","isPartOf":{"@id":"https:\/\/www.prohit.com.tr\/#website"},"datePublished":"2026-04-11T07:14:31+00:00","dateModified":"2026-04-11T13:26:06+00:00","breadcrumb":{"@id":"https:\/\/www.prohit.com.tr\/index.php\/hakkimizda-2\/#breadcrumb"},"inLanguage":"tr","potentialAction":[{"@type":"ReadAction","target":["https:\/\/www.prohit.com.tr\/index.php\/hakkimizda-2\/"]}]},{"@type":"BreadcrumbList","@id":"https:\/\/www.prohit.com.tr\/index.php\/hakkimizda-2\/#breadcrumb","itemListElement":[{"@type":"ListItem","position":1,"name":"Anasayfa","item":"https:\/\/www.prohit.com.tr\/"},{"@type":"ListItem","position":2,"name":"Hakk\u0131m\u0131zda"}]},{"@type":"WebSite","@id":"https:\/\/www.prohit.com.tr\/#website","url":"https:\/\/www.prohit.com.tr\/","name":"Prohit","description":"M\u00fchendislik","publisher":{"@id":"https:\/\/www.prohit.com.tr\/#organization"},"potentialAction":[{"@type":"SearchAction","target":{"@type":"EntryPoint","urlTemplate":"https:\/\/www.prohit.com.tr\/?s={search_term_string}"},"query-input":"required name=search_term_string"}],"inLanguage":"tr"},{"@type":"Organization","@id":"https:\/\/www.prohit.com.tr\/#organization","name":"Prohit","url":"https:\/\/www.prohit.com.tr\/","logo":{"@type":"ImageObject","inLanguage":"tr","@id":"https:\/\/www.prohit.com.tr\/#\/schema\/logo\/image\/","url":"https:\/\/www.prohit.com.tr\/wp-content\/uploads\/2023\/01\/LOGO-1.png","contentUrl":"https:\/\/www.prohit.com.tr\/wp-content\/uploads\/2023\/01\/LOGO-1.png","width":1024,"height":457,"caption":"Prohit"},"image":{"@id":"https:\/\/www.prohit.com.tr\/#\/schema\/logo\/image\/"}}]}},"_links":{"self":[{"href":"https:\/\/www.prohit.com.tr\/index.php\/wp-json\/wp\/v2\/pages\/5549","targetHints":{"allow":["GET"]}}],"collection":[{"href":"https:\/\/www.prohit.com.tr\/index.php\/wp-json\/wp\/v2\/pages"}],"about":[{"href":"https:\/\/www.prohit.com.tr\/index.php\/wp-json\/wp\/v2\/types\/page"}],"author":[{"embeddable":true,"href":"https:\/\/www.prohit.com.tr\/index.php\/wp-json\/wp\/v2\/users\/2"}],"replies":[{"embeddable":true,"href":"https:\/\/www.prohit.com.tr\/index.php\/wp-json\/wp\/v2\/comments?post=5549"}],"version-history":[{"count":21,"href":"https:\/\/www.prohit.com.tr\/index.php\/wp-json\/wp\/v2\/pages\/5549\/revisions"}],"predecessor-version":[{"id":5596,"href":"https:\/\/www.prohit.com.tr\/index.php\/wp-json\/wp\/v2\/pages\/5549\/revisions\/5596"}],"wp:attachment":[{"href":"https:\/\/www.prohit.com.tr\/index.php\/wp-json\/wp\/v2\/media?parent=5549"}],"curies":[{"name":"wp","href":"https:\/\/api.w.org\/{rel}","templated":true}]}}