{"id":5481,"date":"2025-03-25T00:38:14","date_gmt":"2025-03-24T21:38:14","guid":{"rendered":"https:\/\/www.prohit.com.tr\/?page_id=5481"},"modified":"2025-03-25T00:42:15","modified_gmt":"2025-03-24T21:42:15","slug":"kalite-politikamiz","status":"publish","type":"page","link":"https:\/\/www.prohit.com.tr\/index.php\/kalite-politikamiz\/","title":{"rendered":"Kalite Politikam\u0131z"},"content":{"rendered":"\t\t<div data-elementor-type=\"wp-page\" data-elementor-id=\"5481\" class=\"elementor elementor-5481\">\n\t\t\t\t\t\t\t\t\t<section class=\"elementor-section elementor-top-section elementor-element elementor-element-42e73716 elementor-section-content-middle elementor-section-boxed elementor-section-height-default elementor-section-height-default\" data-id=\"42e73716\" data-element_type=\"section\" data-settings=\"{&quot;background_background&quot;:&quot;classic&quot;}\">\n\t\t\t\t\t\t\t<div class=\"elementor-background-overlay\"><\/div>\n\t\t\t\t\t\t\t<div class=\"elementor-container elementor-column-gap-no\">\n\t\t\t\t\t<div class=\"elementor-column elementor-col-100 elementor-top-column elementor-element elementor-element-438725bc\" data-id=\"438725bc\" data-element_type=\"column\">\n\t\t\t<div class=\"elementor-widget-wrap elementor-element-populated\">\n\t\t\t\t\t\t\t\t<div class=\"elementor-element elementor-element-1028e123 elementor-widget elementor-widget-heading\" data-id=\"1028e123\" data-element_type=\"widget\" data-widget_type=\"heading.default\">\n\t\t\t\t<div class=\"elementor-widget-container\">\n\t\t\t<style>\/*! elementor - v3.16.0 - 12-09-2023 *\/\n.elementor-heading-title{padding:0;margin:0;line-height:1}.elementor-widget-heading .elementor-heading-title[class*=elementor-size-]>a{color:inherit;font-size:inherit;line-height:inherit}.elementor-widget-heading .elementor-heading-title.elementor-size-small{font-size:15px}.elementor-widget-heading .elementor-heading-title.elementor-size-medium{font-size:19px}.elementor-widget-heading .elementor-heading-title.elementor-size-large{font-size:29px}.elementor-widget-heading .elementor-heading-title.elementor-size-xl{font-size:39px}.elementor-widget-heading .elementor-heading-title.elementor-size-xxl{font-size:59px}<\/style><h1 class=\"elementor-heading-title elementor-size-default\"><p>KAL\u0130TE POL\u0130T\u0130KAMIZ<\/p><\/h1>\t\t<\/div>\n\t\t\t\t<\/div>\n\t\t\t\t<div class=\"elementor-element elementor-element-1ce44152 elementor-icon-list--layout-inline elementor-align-left elementor-mobile-align-center elementor-list-item-link-full_width elementor-widget elementor-widget-icon-list\" data-id=\"1ce44152\" data-element_type=\"widget\" data-widget_type=\"icon-list.default\">\n\t\t\t\t<div class=\"elementor-widget-container\">\n\t\t\t<link rel=\"stylesheet\" href=\"https:\/\/www.prohit.com.tr\/wp-content\/plugins\/elementor\/assets\/css\/widget-icon-list.min.css\">\t\t<ul class=\"elementor-icon-list-items elementor-inline-items\">\n\t\t\t\t\t\t\t<li class=\"elementor-icon-list-item elementor-inline-item\">\n\t\t\t\t\t\t\t\t\t\t\t<a href=\"https:\/\/www.prohit.com.tr\/\">\n\n\t\t\t\t\t\t\t\t\t\t\t<span class=\"elementor-icon-list-text\">Anasayfa<\/span>\n\t\t\t\t\t\t\t\t\t\t\t<\/a>\n\t\t\t\t\t\t\t\t\t<\/li>\n\t\t\t\t\t\t\t\t<li class=\"elementor-icon-list-item elementor-inline-item\">\n\t\t\t\t\t\t\t\t\t\t\t<a href=\"#\">\n\n\t\t\t\t\t\t\t\t\t\t\t\t<span class=\"elementor-icon-list-icon\">\n\t\t\t\t\t\t\t<i aria-hidden=\"true\" class=\"fas fa-angle-right\"><\/i>\t\t\t\t\t\t<\/span>\n\t\t\t\t\t\t\t\t\t\t<span class=\"elementor-icon-list-text\">Bilgi G\u00fcvenli\u011fi Politikam\u0131z<\/span>\n\t\t\t\t\t\t\t\t\t\t\t<\/a>\n\t\t\t\t\t\t\t\t\t<\/li>\n\t\t\t\t\t\t<\/ul>\n\t\t\t\t<\/div>\n\t\t\t\t<\/div>\n\t\t\t\t\t<\/div>\n\t\t<\/div>\n\t\t\t\t\t\t\t<\/div>\n\t\t<\/section>\n\t\t\t\t<section class=\"elementor-section elementor-top-section elementor-element elementor-element-20e1f6b0 elementor-section-boxed elementor-section-height-default elementor-section-height-default\" data-id=\"20e1f6b0\" data-element_type=\"section\">\n\t\t\t\t\t\t\t<div class=\"elementor-background-overlay\"><\/div>\n\t\t\t\t\t\t\t<div class=\"elementor-container elementor-column-gap-default\">\n\t\t\t\t\t<div class=\"elementor-column elementor-col-100 elementor-top-column elementor-element elementor-element-1b240b8\" data-id=\"1b240b8\" data-element_type=\"column\">\n\t\t\t<div class=\"elementor-widget-wrap elementor-element-populated\">\n\t\t\t\t\t\t\t\t<div class=\"elementor-element elementor-element-4cd8eb9d elementor-widget elementor-widget-heading\" data-id=\"4cd8eb9d\" data-element_type=\"widget\" data-widget_type=\"heading.default\">\n\t\t\t\t<div class=\"elementor-widget-container\">\n\t\t\t<h2 class=\"elementor-heading-title elementor-size-default\"><p><b>Kalite Politikam\u0131z<\/b><span style=\"color: var( --e-global-color-text );\"><\/span><\/p><\/h2>\t\t<\/div>\n\t\t\t\t<\/div>\n\t\t\t\t<div class=\"elementor-element elementor-element-fa77bf6 elementor-widget elementor-widget-text-editor\" data-id=\"fa77bf6\" data-element_type=\"widget\" data-widget_type=\"text-editor.default\">\n\t\t\t\t<div class=\"elementor-widget-container\">\n\t\t\t<style>\/*! elementor - v3.16.0 - 12-09-2023 *\/\n.elementor-widget-text-editor.elementor-drop-cap-view-stacked .elementor-drop-cap{background-color:#69727d;color:#fff}.elementor-widget-text-editor.elementor-drop-cap-view-framed .elementor-drop-cap{color:#69727d;border:3px solid;background-color:transparent}.elementor-widget-text-editor:not(.elementor-drop-cap-view-default) .elementor-drop-cap{margin-top:8px}.elementor-widget-text-editor:not(.elementor-drop-cap-view-default) .elementor-drop-cap-letter{width:1em;height:1em}.elementor-widget-text-editor .elementor-drop-cap{float:left;text-align:center;line-height:1;font-size:50px}.elementor-widget-text-editor .elementor-drop-cap-letter{display:inline-block}<\/style>\t\t\t\tProhit M\u00fchendislik Ltd. \u015eti. olarak g\u00fcn\u00fcm\u00fcz\u00fcn yo\u011fun rekabetli uluslararas\u0131 pazar\u0131nda;\n<br><br>\nM\u00fc\u015fterilerimizin ko\u015fulsuz tatminini ve g\u00fcvenini sa\u011flayacak, kusursuz \u00fcr\u00fcn ve hizmetleri, tam zaman\u0131nda, do\u011fa ve \u00e7evreye sayg\u0131, topluma hizmet anlay\u0131\u015f\u0131 ile \u00fcreterek sunmak \u00f6ncelikli amac\u0131m\u0131z ve g\u00f6revimizdir.\n<br><br>\nBu amaca ula\u015fabilmek i\u00e7in birinci hedefimiz; ISO 9001 Kalite Y\u00f6netim Sistemi standartlar\u0131n\u0131, m\u00fc\u015fterilerimizin isteklerini kar\u015f\u0131lamak amac\u0131yla, organizasyonumuzun t\u00fcm kademelerinde verimli ve istikrarl\u0131 bir \u015fekilde uygulamakt\u0131r.\n<br><br>\nM\u00fc\u015fteri ve ilgili taraflar\u0131n beklentilerini kar\u015f\u0131lamak, uygulanabilir \u015fartlar\u0131 g\u00f6zetmek, \u201cS\u00fcrekli \u0130yile\u015ftirme&#8221; anlay\u0131\u015f\u0131 do\u011frultusunda kalitemizi ve teknolojimizi daima geli\u015ftirerek \u201cToplam Kalite\u201d ye ula\u015fmak i\u00e7in \u00e7al\u0131\u015fanlar\u0131m\u0131z, tedarik\u00e7ilerimiz ve m\u00fc\u015fterilerimiz aras\u0131nda sevgi ve g\u00f6n\u00fcl ba\u011f\u0131n\u0131n kurulmas\u0131 temel hedefimizdir.\n<br><br>\nBu hedefler do\u011frultusunda standartlara normlara ve yasalara uygun ve &#8220;m\u00fc\u015fteri odakl\u0131l\u0131\u011f\u0131n&#8221; verdi\u011fi sorumluluk duygusu i\u00e7erisinde kalite bilincinin yerle\u015fmesi i\u00e7in gereken ortamlar\u0131 haz\u0131rlamakta, \u00e7al\u0131\u015fanlar\u0131n e\u011fitim ve \u00f6\u011frenimini s\u00fcrekli geli\u015ftirmekte kararl\u0131y\u0131z.\n\n<br><br><br>\n<div align=\"right\">\nD\u0130DEM KARABIYIK<br>\n\u015eirket M\u00fcd\u00fcr\u00fc<br>\n10.12.2024<br>\n<\/div>\t\t\t\t\t\t<\/div>\n\t\t\t\t<\/div>\n\t\t\t\t\t<\/div>\n\t\t<\/div>\n\t\t\t\t\t\t\t<\/div>\n\t\t<\/section>\n\t\t\t\t<section class=\"elementor-section elementor-top-section elementor-element elementor-element-d258cd4 elementor-section-boxed elementor-section-height-default elementor-section-height-default\" data-id=\"d258cd4\" data-element_type=\"section\" data-settings=\"{&quot;background_background&quot;:&quot;classic&quot;}\">\n\t\t\t\t\t\t\t<div class=\"elementor-background-overlay\"><\/div>\n\t\t\t\t\t\t\t<div class=\"elementor-container elementor-column-gap-default\">\n\t\t\t\t\t<div class=\"elementor-column elementor-col-100 elementor-top-column elementor-element elementor-element-4cc54830\" data-id=\"4cc54830\" data-element_type=\"column\">\n\t\t\t<div class=\"elementor-widget-wrap elementor-element-populated\">\n\t\t\t\t\t\t\t\t<div class=\"elementor-element elementor-element-3ec01e16 elementor-widget elementor-widget-heading\" data-id=\"3ec01e16\" data-element_type=\"widget\" data-widget_type=\"heading.default\">\n\t\t\t\t<div class=\"elementor-widget-container\">\n\t\t\t<h2 class=\"elementor-heading-title elementor-size-default\">Bizimle Yeni Projelere Haz\u0131r m\u0131s\u0131n\u0131z?<\/h2>\t\t<\/div>\n\t\t\t\t<\/div>\n\t\t\t\t<section class=\"elementor-section elementor-inner-section elementor-element elementor-element-2abcfd6f elementor-section-boxed elementor-section-height-default elementor-section-height-default\" data-id=\"2abcfd6f\" data-element_type=\"section\">\n\t\t\t\t\t\t<div class=\"elementor-container elementor-column-gap-no\">\n\t\t\t\t\t<div class=\"elementor-column elementor-col-33 elementor-inner-column elementor-element elementor-element-b7d5aca elementor-hidden-tablet elementor-hidden-phone\" data-id=\"b7d5aca\" data-element_type=\"column\">\n\t\t\t<div class=\"elementor-widget-wrap\">\n\t\t\t\t\t\t\t\t\t<\/div>\n\t\t<\/div>\n\t\t\t\t<div class=\"elementor-column elementor-col-33 elementor-inner-column elementor-element elementor-element-29721c25\" data-id=\"29721c25\" data-element_type=\"column\">\n\t\t\t<div class=\"elementor-widget-wrap elementor-element-populated\">\n\t\t\t\t\t\t\t\t<div class=\"elementor-element elementor-element-3adc6c74 elementor-widget elementor-widget-text-editor\" data-id=\"3adc6c74\" data-element_type=\"widget\" data-widget_type=\"text-editor.default\">\n\t\t\t\t<div class=\"elementor-widget-container\">\n\t\t\t\t\t\t\t<p>Prohit M\u00fchendislik, kendi e\u011fitimli personeli ile yurt i\u00e7i ve yurt d\u0131\u015f\u0131ndaki m\u00fc\u015fterilerine hizmet vermektedir.<\/p>\t\t\t\t\t\t<\/div>\n\t\t\t\t<\/div>\n\t\t\t\t\t<\/div>\n\t\t<\/div>\n\t\t\t\t<div class=\"elementor-column elementor-col-33 elementor-inner-column elementor-element elementor-element-367afc0c elementor-hidden-tablet elementor-hidden-phone\" data-id=\"367afc0c\" data-element_type=\"column\">\n\t\t\t<div class=\"elementor-widget-wrap\">\n\t\t\t\t\t\t\t\t\t<\/div>\n\t\t<\/div>\n\t\t\t\t\t\t\t<\/div>\n\t\t<\/section>\n\t\t\t\t<div class=\"elementor-element elementor-element-f223235 elementor-align-center elementor-widget elementor-widget-button\" data-id=\"f223235\" data-element_type=\"widget\" data-widget_type=\"button.default\">\n\t\t\t\t<div class=\"elementor-widget-container\">\n\t\t\t\t\t<div class=\"elementor-button-wrapper\">\n\t\t\t<a class=\"elementor-button elementor-button-link elementor-size-sm\" href=\"https:\/\/www.prohit.com.tr\/index.php\/iletisim\/\">\n\t\t\t\t\t\t<span class=\"elementor-button-content-wrapper\">\n\t\t\t\t\t\t<span class=\"elementor-button-text\">Bize Ula\u015f\u0131n<\/span>\n\t\t<\/span>\n\t\t\t\t\t<\/a>\n\t\t<\/div>\n\t\t\t\t<\/div>\n\t\t\t\t<\/div>\n\t\t\t\t\t<\/div>\n\t\t<\/div>\n\t\t\t\t\t\t\t<\/div>\n\t\t<\/section>\n\t\t\t\t\t\t\t<\/div>\n\t\t","protected":false},"excerpt":{"rendered":"<p>KAL\u0130TE POL\u0130T\u0130KAMIZ Anasayfa Bilgi G\u00fcvenli\u011fi Politikam\u0131z Kalite Politikam\u0131z Prohit M\u00fchendislik Ltd. \u015eti. olarak g\u00fcn\u00fcm\u00fcz\u00fcn yo\u011fun rekabetli uluslararas\u0131 pazar\u0131nda; M\u00fc\u015fterilerimizin ko\u015fulsuz tatminini ve g\u00fcvenini sa\u011flayacak, kusursuz \u00fcr\u00fcn ve hizmetleri, tam zaman\u0131nda, do\u011fa ve \u00e7evreye sayg\u0131, topluma hizmet anlay\u0131\u015f\u0131 ile \u00fcreterek sunmak \u00f6ncelikli amac\u0131m\u0131z ve g\u00f6revimizdir. Bu amaca ula\u015fabilmek i\u00e7in birinci hedefimiz; ISO 9001 Kalite Y\u00f6netim Sistemi [&hellip;]<\/p>\n","protected":false},"author":1,"featured_media":0,"parent":0,"menu_order":0,"comment_status":"closed","ping_status":"closed","template":"elementor_header_footer","meta":{"inline_featured_image":false,"footnotes":""},"class_list":["post-5481","page","type-page","status-publish","hentry"],"yoast_head":"<!-- This site is optimized with the Yoast SEO plugin v21.1 - https:\/\/yoast.com\/wordpress\/plugins\/seo\/ -->\n<title>Kalite Politikam\u0131z - Prohit<\/title>\n<meta name=\"robots\" content=\"index, follow, max-snippet:-1, max-image-preview:large, max-video-preview:-1\" \/>\n<link rel=\"canonical\" href=\"https:\/\/www.prohit.com.tr\/index.php\/kalite-politikamiz\/\" \/>\n<meta property=\"og:locale\" content=\"tr_TR\" \/>\n<meta property=\"og:type\" content=\"article\" \/>\n<meta property=\"og:title\" content=\"Kalite Politikam\u0131z - Prohit\" \/>\n<meta property=\"og:description\" content=\"KAL\u0130TE POL\u0130T\u0130KAMIZ Anasayfa Bilgi G\u00fcvenli\u011fi Politikam\u0131z Kalite Politikam\u0131z Prohit M\u00fchendislik Ltd. \u015eti. olarak g\u00fcn\u00fcm\u00fcz\u00fcn yo\u011fun rekabetli uluslararas\u0131 pazar\u0131nda; M\u00fc\u015fterilerimizin ko\u015fulsuz tatminini ve g\u00fcvenini sa\u011flayacak, kusursuz \u00fcr\u00fcn ve hizmetleri, tam zaman\u0131nda, do\u011fa ve \u00e7evreye sayg\u0131, topluma hizmet anlay\u0131\u015f\u0131 ile \u00fcreterek sunmak \u00f6ncelikli amac\u0131m\u0131z ve g\u00f6revimizdir. Bu amaca ula\u015fabilmek i\u00e7in birinci hedefimiz; ISO 9001 Kalite Y\u00f6netim Sistemi [&hellip;]\" \/>\n<meta property=\"og:url\" content=\"https:\/\/www.prohit.com.tr\/index.php\/kalite-politikamiz\/\" \/>\n<meta property=\"og:site_name\" content=\"Prohit\" \/>\n<meta property=\"article:modified_time\" content=\"2025-03-24T21:42:15+00:00\" \/>\n<meta name=\"twitter:card\" content=\"summary_large_image\" \/>\n<meta name=\"twitter:label1\" content=\"Tahmini okuma s\u00fcresi\" \/>\n\t<meta name=\"twitter:data1\" content=\"1 dakika\" \/>\n<script type=\"application\/ld+json\" class=\"yoast-schema-graph\">{\"@context\":\"https:\/\/schema.org\",\"@graph\":[{\"@type\":\"WebPage\",\"@id\":\"https:\/\/www.prohit.com.tr\/index.php\/kalite-politikamiz\/\",\"url\":\"https:\/\/www.prohit.com.tr\/index.php\/kalite-politikamiz\/\",\"name\":\"Kalite Politikam\u0131z - Prohit\",\"isPartOf\":{\"@id\":\"https:\/\/www.prohit.com.tr\/#website\"},\"datePublished\":\"2025-03-24T21:38:14+00:00\",\"dateModified\":\"2025-03-24T21:42:15+00:00\",\"breadcrumb\":{\"@id\":\"https:\/\/www.prohit.com.tr\/index.php\/kalite-politikamiz\/#breadcrumb\"},\"inLanguage\":\"tr\",\"potentialAction\":[{\"@type\":\"ReadAction\",\"target\":[\"https:\/\/www.prohit.com.tr\/index.php\/kalite-politikamiz\/\"]}]},{\"@type\":\"BreadcrumbList\",\"@id\":\"https:\/\/www.prohit.com.tr\/index.php\/kalite-politikamiz\/#breadcrumb\",\"itemListElement\":[{\"@type\":\"ListItem\",\"position\":1,\"name\":\"Anasayfa\",\"item\":\"https:\/\/www.prohit.com.tr\/\"},{\"@type\":\"ListItem\",\"position\":2,\"name\":\"Kalite Politikam\u0131z\"}]},{\"@type\":\"WebSite\",\"@id\":\"https:\/\/www.prohit.com.tr\/#website\",\"url\":\"https:\/\/www.prohit.com.tr\/\",\"name\":\"Prohit\",\"description\":\"M\u00fchendislik\",\"publisher\":{\"@id\":\"https:\/\/www.prohit.com.tr\/#organization\"},\"potentialAction\":[{\"@type\":\"SearchAction\",\"target\":{\"@type\":\"EntryPoint\",\"urlTemplate\":\"https:\/\/www.prohit.com.tr\/?s={search_term_string}\"},\"query-input\":\"required name=search_term_string\"}],\"inLanguage\":\"tr\"},{\"@type\":\"Organization\",\"@id\":\"https:\/\/www.prohit.com.tr\/#organization\",\"name\":\"Prohit\",\"url\":\"https:\/\/www.prohit.com.tr\/\",\"logo\":{\"@type\":\"ImageObject\",\"inLanguage\":\"tr\",\"@id\":\"https:\/\/www.prohit.com.tr\/#\/schema\/logo\/image\/\",\"url\":\"https:\/\/www.prohit.com.tr\/wp-content\/uploads\/2023\/01\/LOGO-1.png\",\"contentUrl\":\"https:\/\/www.prohit.com.tr\/wp-content\/uploads\/2023\/01\/LOGO-1.png\",\"width\":1024,\"height\":457,\"caption\":\"Prohit\"},\"image\":{\"@id\":\"https:\/\/www.prohit.com.tr\/#\/schema\/logo\/image\/\"}}]}<\/script>\n<!-- \/ Yoast SEO plugin. -->","yoast_head_json":{"title":"Kalite Politikam\u0131z - Prohit","robots":{"index":"index","follow":"follow","max-snippet":"max-snippet:-1","max-image-preview":"max-image-preview:large","max-video-preview":"max-video-preview:-1"},"canonical":"https:\/\/www.prohit.com.tr\/index.php\/kalite-politikamiz\/","og_locale":"tr_TR","og_type":"article","og_title":"Kalite Politikam\u0131z - Prohit","og_description":"KAL\u0130TE POL\u0130T\u0130KAMIZ Anasayfa Bilgi G\u00fcvenli\u011fi Politikam\u0131z Kalite Politikam\u0131z Prohit M\u00fchendislik Ltd. \u015eti. olarak g\u00fcn\u00fcm\u00fcz\u00fcn yo\u011fun rekabetli uluslararas\u0131 pazar\u0131nda; M\u00fc\u015fterilerimizin ko\u015fulsuz tatminini ve g\u00fcvenini sa\u011flayacak, kusursuz \u00fcr\u00fcn ve hizmetleri, tam zaman\u0131nda, do\u011fa ve \u00e7evreye sayg\u0131, topluma hizmet anlay\u0131\u015f\u0131 ile \u00fcreterek sunmak \u00f6ncelikli amac\u0131m\u0131z ve g\u00f6revimizdir. Bu amaca ula\u015fabilmek i\u00e7in birinci hedefimiz; ISO 9001 Kalite Y\u00f6netim Sistemi [&hellip;]","og_url":"https:\/\/www.prohit.com.tr\/index.php\/kalite-politikamiz\/","og_site_name":"Prohit","article_modified_time":"2025-03-24T21:42:15+00:00","twitter_card":"summary_large_image","twitter_misc":{"Tahmini okuma s\u00fcresi":"1 dakika"},"schema":{"@context":"https:\/\/schema.org","@graph":[{"@type":"WebPage","@id":"https:\/\/www.prohit.com.tr\/index.php\/kalite-politikamiz\/","url":"https:\/\/www.prohit.com.tr\/index.php\/kalite-politikamiz\/","name":"Kalite Politikam\u0131z - Prohit","isPartOf":{"@id":"https:\/\/www.prohit.com.tr\/#website"},"datePublished":"2025-03-24T21:38:14+00:00","dateModified":"2025-03-24T21:42:15+00:00","breadcrumb":{"@id":"https:\/\/www.prohit.com.tr\/index.php\/kalite-politikamiz\/#breadcrumb"},"inLanguage":"tr","potentialAction":[{"@type":"ReadAction","target":["https:\/\/www.prohit.com.tr\/index.php\/kalite-politikamiz\/"]}]},{"@type":"BreadcrumbList","@id":"https:\/\/www.prohit.com.tr\/index.php\/kalite-politikamiz\/#breadcrumb","itemListElement":[{"@type":"ListItem","position":1,"name":"Anasayfa","item":"https:\/\/www.prohit.com.tr\/"},{"@type":"ListItem","position":2,"name":"Kalite Politikam\u0131z"}]},{"@type":"WebSite","@id":"https:\/\/www.prohit.com.tr\/#website","url":"https:\/\/www.prohit.com.tr\/","name":"Prohit","description":"M\u00fchendislik","publisher":{"@id":"https:\/\/www.prohit.com.tr\/#organization"},"potentialAction":[{"@type":"SearchAction","target":{"@type":"EntryPoint","urlTemplate":"https:\/\/www.prohit.com.tr\/?s={search_term_string}"},"query-input":"required name=search_term_string"}],"inLanguage":"tr"},{"@type":"Organization","@id":"https:\/\/www.prohit.com.tr\/#organization","name":"Prohit","url":"https:\/\/www.prohit.com.tr\/","logo":{"@type":"ImageObject","inLanguage":"tr","@id":"https:\/\/www.prohit.com.tr\/#\/schema\/logo\/image\/","url":"https:\/\/www.prohit.com.tr\/wp-content\/uploads\/2023\/01\/LOGO-1.png","contentUrl":"https:\/\/www.prohit.com.tr\/wp-content\/uploads\/2023\/01\/LOGO-1.png","width":1024,"height":457,"caption":"Prohit"},"image":{"@id":"https:\/\/www.prohit.com.tr\/#\/schema\/logo\/image\/"}}]}},"_links":{"self":[{"href":"https:\/\/www.prohit.com.tr\/index.php\/wp-json\/wp\/v2\/pages\/5481","targetHints":{"allow":["GET"]}}],"collection":[{"href":"https:\/\/www.prohit.com.tr\/index.php\/wp-json\/wp\/v2\/pages"}],"about":[{"href":"https:\/\/www.prohit.com.tr\/index.php\/wp-json\/wp\/v2\/types\/page"}],"author":[{"embeddable":true,"href":"https:\/\/www.prohit.com.tr\/index.php\/wp-json\/wp\/v2\/users\/1"}],"replies":[{"embeddable":true,"href":"https:\/\/www.prohit.com.tr\/index.php\/wp-json\/wp\/v2\/comments?post=5481"}],"version-history":[{"count":4,"href":"https:\/\/www.prohit.com.tr\/index.php\/wp-json\/wp\/v2\/pages\/5481\/revisions"}],"predecessor-version":[{"id":5489,"href":"https:\/\/www.prohit.com.tr\/index.php\/wp-json\/wp\/v2\/pages\/5481\/revisions\/5489"}],"wp:attachment":[{"href":"https:\/\/www.prohit.com.tr\/index.php\/wp-json\/wp\/v2\/media?parent=5481"}],"curies":[{"name":"wp","href":"https:\/\/api.w.org\/{rel}","templated":true}]}}