{"id":5468,"date":"2025-03-25T00:32:11","date_gmt":"2025-03-24T21:32:11","guid":{"rendered":"https:\/\/www.prohit.com.tr\/?page_id=5468"},"modified":"2025-03-25T00:43:13","modified_gmt":"2025-03-24T21:43:13","slug":"bilgi-guvenligi-politikamiz","status":"publish","type":"page","link":"https:\/\/www.prohit.com.tr\/index.php\/bilgi-guvenligi-politikamiz\/","title":{"rendered":"Bilgi G\u00fcvenli\u011fi Politikam\u0131z"},"content":{"rendered":"\t\t<div data-elementor-type=\"wp-page\" data-elementor-id=\"5468\" class=\"elementor elementor-5468\">\n\t\t\t\t\t\t\t\t\t<section class=\"elementor-section elementor-top-section elementor-element elementor-element-5a48d220 elementor-section-content-middle elementor-section-boxed elementor-section-height-default elementor-section-height-default\" data-id=\"5a48d220\" data-element_type=\"section\" data-settings=\"{&quot;background_background&quot;:&quot;classic&quot;}\">\n\t\t\t\t\t\t\t<div class=\"elementor-background-overlay\"><\/div>\n\t\t\t\t\t\t\t<div class=\"elementor-container elementor-column-gap-no\">\n\t\t\t\t\t<div class=\"elementor-column elementor-col-100 elementor-top-column elementor-element elementor-element-42422db7\" data-id=\"42422db7\" data-element_type=\"column\">\n\t\t\t<div class=\"elementor-widget-wrap elementor-element-populated\">\n\t\t\t\t\t\t\t\t<div class=\"elementor-element elementor-element-3a305c67 elementor-widget elementor-widget-heading\" data-id=\"3a305c67\" data-element_type=\"widget\" data-widget_type=\"heading.default\">\n\t\t\t\t<div class=\"elementor-widget-container\">\n\t\t\t<style>\/*! elementor - v3.16.0 - 12-09-2023 *\/\n.elementor-heading-title{padding:0;margin:0;line-height:1}.elementor-widget-heading .elementor-heading-title[class*=elementor-size-]>a{color:inherit;font-size:inherit;line-height:inherit}.elementor-widget-heading .elementor-heading-title.elementor-size-small{font-size:15px}.elementor-widget-heading .elementor-heading-title.elementor-size-medium{font-size:19px}.elementor-widget-heading .elementor-heading-title.elementor-size-large{font-size:29px}.elementor-widget-heading .elementor-heading-title.elementor-size-xl{font-size:39px}.elementor-widget-heading .elementor-heading-title.elementor-size-xxl{font-size:59px}<\/style><h1 class=\"elementor-heading-title elementor-size-default\"><p>B\u0130LG\u0130 G\u00dcVENL\u0130\u011e\u0130 POL\u0130T\u0130KAMIZ<\/p><\/h1>\t\t<\/div>\n\t\t\t\t<\/div>\n\t\t\t\t<div class=\"elementor-element elementor-element-5602b0ba elementor-icon-list--layout-inline elementor-align-left elementor-mobile-align-center elementor-list-item-link-full_width elementor-widget elementor-widget-icon-list\" data-id=\"5602b0ba\" data-element_type=\"widget\" data-widget_type=\"icon-list.default\">\n\t\t\t\t<div class=\"elementor-widget-container\">\n\t\t\t<link rel=\"stylesheet\" href=\"https:\/\/www.prohit.com.tr\/wp-content\/plugins\/elementor\/assets\/css\/widget-icon-list.min.css\">\t\t<ul class=\"elementor-icon-list-items elementor-inline-items\">\n\t\t\t\t\t\t\t<li class=\"elementor-icon-list-item elementor-inline-item\">\n\t\t\t\t\t\t\t\t\t\t\t<a href=\"https:\/\/www.prohit.com.tr\/\">\n\n\t\t\t\t\t\t\t\t\t\t\t<span class=\"elementor-icon-list-text\">Anasayfa<\/span>\n\t\t\t\t\t\t\t\t\t\t\t<\/a>\n\t\t\t\t\t\t\t\t\t<\/li>\n\t\t\t\t\t\t\t\t<li class=\"elementor-icon-list-item elementor-inline-item\">\n\t\t\t\t\t\t\t\t\t\t\t<a href=\"#\">\n\n\t\t\t\t\t\t\t\t\t\t\t\t<span class=\"elementor-icon-list-icon\">\n\t\t\t\t\t\t\t<i aria-hidden=\"true\" class=\"fas fa-angle-right\"><\/i>\t\t\t\t\t\t<\/span>\n\t\t\t\t\t\t\t\t\t\t<span class=\"elementor-icon-list-text\">Bilgi G\u00fcvenli\u011fi Politikam\u0131z<\/span>\n\t\t\t\t\t\t\t\t\t\t\t<\/a>\n\t\t\t\t\t\t\t\t\t<\/li>\n\t\t\t\t\t\t<\/ul>\n\t\t\t\t<\/div>\n\t\t\t\t<\/div>\n\t\t\t\t\t<\/div>\n\t\t<\/div>\n\t\t\t\t\t\t\t<\/div>\n\t\t<\/section>\n\t\t\t\t<section class=\"elementor-section elementor-top-section elementor-element elementor-element-32e89199 elementor-section-boxed elementor-section-height-default elementor-section-height-default\" data-id=\"32e89199\" data-element_type=\"section\">\n\t\t\t\t\t\t\t<div class=\"elementor-background-overlay\"><\/div>\n\t\t\t\t\t\t\t<div class=\"elementor-container elementor-column-gap-default\">\n\t\t\t\t\t<div class=\"elementor-column elementor-col-100 elementor-top-column elementor-element elementor-element-7e926154\" data-id=\"7e926154\" data-element_type=\"column\">\n\t\t\t<div class=\"elementor-widget-wrap elementor-element-populated\">\n\t\t\t\t\t\t\t\t<div class=\"elementor-element elementor-element-5f63f0cc elementor-widget elementor-widget-heading\" data-id=\"5f63f0cc\" data-element_type=\"widget\" data-widget_type=\"heading.default\">\n\t\t\t\t<div class=\"elementor-widget-container\">\n\t\t\t<h2 class=\"elementor-heading-title elementor-size-default\"><p><b>Bilgi G\u00fcvenli\u011fi Politikam\u0131z<\/b><span style=\"color: var( --e-global-color-text );\"><\/span><\/p><\/h2>\t\t<\/div>\n\t\t\t\t<\/div>\n\t\t\t\t<div class=\"elementor-element elementor-element-7b5ff0ad elementor-widget elementor-widget-text-editor\" data-id=\"7b5ff0ad\" data-element_type=\"widget\" data-widget_type=\"text-editor.default\">\n\t\t\t\t<div class=\"elementor-widget-container\">\n\t\t\t<style>\/*! elementor - v3.16.0 - 12-09-2023 *\/\n.elementor-widget-text-editor.elementor-drop-cap-view-stacked .elementor-drop-cap{background-color:#69727d;color:#fff}.elementor-widget-text-editor.elementor-drop-cap-view-framed .elementor-drop-cap{color:#69727d;border:3px solid;background-color:transparent}.elementor-widget-text-editor:not(.elementor-drop-cap-view-default) .elementor-drop-cap{margin-top:8px}.elementor-widget-text-editor:not(.elementor-drop-cap-view-default) .elementor-drop-cap-letter{width:1em;height:1em}.elementor-widget-text-editor .elementor-drop-cap{float:left;text-align:center;line-height:1;font-size:50px}.elementor-widget-text-editor .elementor-drop-cap-letter{display:inline-block}<\/style>\t\t\t\tProhit M\u00fchendislik Ltd.\u015eti., <br><br>kritik \u00f6neme sahip sistemlerinde yer alan t\u00fcm bilgi varl\u0131klar\u0131n\u0131 korumay\u0131, <br>bilgi g\u00fcvenli\u011fi \u00e7er\u00e7evesinde mevzuatla, s\u00f6zle\u015fmelerle ve uluslararas\u0131 standartlarla uyumlu \u00e7al\u0131\u015fmay\u0131, <br>bilgi g\u00fcvenli\u011fi y\u00f6netim sistemindeki riskleri y\u00f6netmeyi, d\u00fczeltici ve s\u00fcrekli iyile\u015ftirici faaliyetlerde bulunmay\u0131 ve <br>kurulu\u015f amac\u0131na uygun olarak s\u00fcrd\u00fcr\u00fclebilir bir sistem kurmay\u0131 taahh\u00fct eder.\n<br><br><br>\n<div align=\"right\">\nD\u0130DEM KARABIYIK<br>\n\u015eirket M\u00fcd\u00fcr\u00fc<br>\n10.12.2024<br>\n<\/div>\t\t\t\t\t\t<\/div>\n\t\t\t\t<\/div>\n\t\t\t\t\t<\/div>\n\t\t<\/div>\n\t\t\t\t\t\t\t<\/div>\n\t\t<\/section>\n\t\t\t\t<section class=\"elementor-section elementor-top-section elementor-element elementor-element-6bf7f215 elementor-section-boxed elementor-section-height-default elementor-section-height-default\" data-id=\"6bf7f215\" data-element_type=\"section\" data-settings=\"{&quot;background_background&quot;:&quot;classic&quot;}\">\n\t\t\t\t\t\t\t<div class=\"elementor-background-overlay\"><\/div>\n\t\t\t\t\t\t\t<div class=\"elementor-container elementor-column-gap-default\">\n\t\t\t\t\t<div class=\"elementor-column elementor-col-100 elementor-top-column elementor-element elementor-element-54f0a6a2\" data-id=\"54f0a6a2\" data-element_type=\"column\">\n\t\t\t<div class=\"elementor-widget-wrap elementor-element-populated\">\n\t\t\t\t\t\t\t\t<div class=\"elementor-element elementor-element-37d073d elementor-widget elementor-widget-heading\" data-id=\"37d073d\" data-element_type=\"widget\" data-widget_type=\"heading.default\">\n\t\t\t\t<div class=\"elementor-widget-container\">\n\t\t\t<h2 class=\"elementor-heading-title elementor-size-default\">Bizimle Yeni Projelere Haz\u0131r m\u0131s\u0131n\u0131z?<\/h2>\t\t<\/div>\n\t\t\t\t<\/div>\n\t\t\t\t<section class=\"elementor-section elementor-inner-section elementor-element elementor-element-3a8276b8 elementor-section-boxed elementor-section-height-default elementor-section-height-default\" data-id=\"3a8276b8\" data-element_type=\"section\">\n\t\t\t\t\t\t<div class=\"elementor-container elementor-column-gap-no\">\n\t\t\t\t\t<div class=\"elementor-column elementor-col-33 elementor-inner-column elementor-element elementor-element-415bea7f elementor-hidden-tablet elementor-hidden-phone\" data-id=\"415bea7f\" data-element_type=\"column\">\n\t\t\t<div class=\"elementor-widget-wrap\">\n\t\t\t\t\t\t\t\t\t<\/div>\n\t\t<\/div>\n\t\t\t\t<div class=\"elementor-column elementor-col-33 elementor-inner-column elementor-element elementor-element-1b97f524\" data-id=\"1b97f524\" data-element_type=\"column\">\n\t\t\t<div class=\"elementor-widget-wrap elementor-element-populated\">\n\t\t\t\t\t\t\t\t<div class=\"elementor-element elementor-element-706ebe8d elementor-widget elementor-widget-text-editor\" data-id=\"706ebe8d\" data-element_type=\"widget\" data-widget_type=\"text-editor.default\">\n\t\t\t\t<div class=\"elementor-widget-container\">\n\t\t\t\t\t\t\t<p>Prohit M\u00fchendislik, kendi e\u011fitimli personeli ile yurt i\u00e7i ve yurt d\u0131\u015f\u0131ndaki m\u00fc\u015fterilerine hizmet vermektedir.<\/p>\t\t\t\t\t\t<\/div>\n\t\t\t\t<\/div>\n\t\t\t\t\t<\/div>\n\t\t<\/div>\n\t\t\t\t<div class=\"elementor-column elementor-col-33 elementor-inner-column elementor-element elementor-element-5fd98c30 elementor-hidden-tablet elementor-hidden-phone\" data-id=\"5fd98c30\" data-element_type=\"column\">\n\t\t\t<div class=\"elementor-widget-wrap\">\n\t\t\t\t\t\t\t\t\t<\/div>\n\t\t<\/div>\n\t\t\t\t\t\t\t<\/div>\n\t\t<\/section>\n\t\t\t\t<div class=\"elementor-element elementor-element-333b8bfd elementor-align-center elementor-widget elementor-widget-button\" data-id=\"333b8bfd\" data-element_type=\"widget\" data-widget_type=\"button.default\">\n\t\t\t\t<div class=\"elementor-widget-container\">\n\t\t\t\t\t<div class=\"elementor-button-wrapper\">\n\t\t\t<a class=\"elementor-button elementor-button-link elementor-size-sm\" href=\"https:\/\/www.prohit.com.tr\/index.php\/iletisim\/\">\n\t\t\t\t\t\t<span class=\"elementor-button-content-wrapper\">\n\t\t\t\t\t\t<span class=\"elementor-button-text\">Bize Ula\u015f\u0131n<\/span>\n\t\t<\/span>\n\t\t\t\t\t<\/a>\n\t\t<\/div>\n\t\t\t\t<\/div>\n\t\t\t\t<\/div>\n\t\t\t\t\t<\/div>\n\t\t<\/div>\n\t\t\t\t\t\t\t<\/div>\n\t\t<\/section>\n\t\t\t\t\t\t\t<\/div>\n\t\t","protected":false},"excerpt":{"rendered":"<p>B\u0130LG\u0130 G\u00dcVENL\u0130\u011e\u0130 POL\u0130T\u0130KAMIZ Anasayfa Bilgi G\u00fcvenli\u011fi Politikam\u0131z Bilgi G\u00fcvenli\u011fi Politikam\u0131z Prohit M\u00fchendislik Ltd.\u015eti., kritik \u00f6neme sahip sistemlerinde yer alan t\u00fcm bilgi varl\u0131klar\u0131n\u0131 korumay\u0131, bilgi g\u00fcvenli\u011fi \u00e7er\u00e7evesinde mevzuatla, s\u00f6zle\u015fmelerle ve uluslararas\u0131 standartlarla uyumlu \u00e7al\u0131\u015fmay\u0131, bilgi g\u00fcvenli\u011fi y\u00f6netim sistemindeki riskleri y\u00f6netmeyi, d\u00fczeltici ve s\u00fcrekli iyile\u015ftirici faaliyetlerde bulunmay\u0131 ve kurulu\u015f amac\u0131na uygun olarak s\u00fcrd\u00fcr\u00fclebilir bir sistem kurmay\u0131 taahh\u00fct [&hellip;]<\/p>\n","protected":false},"author":1,"featured_media":0,"parent":0,"menu_order":0,"comment_status":"closed","ping_status":"closed","template":"elementor_header_footer","meta":{"inline_featured_image":false,"footnotes":""},"class_list":["post-5468","page","type-page","status-publish","hentry"],"yoast_head":"<!-- This site is optimized with the Yoast SEO plugin v21.1 - https:\/\/yoast.com\/wordpress\/plugins\/seo\/ -->\n<title>Bilgi G\u00fcvenli\u011fi Politikam\u0131z - Prohit<\/title>\n<meta name=\"robots\" content=\"index, follow, max-snippet:-1, max-image-preview:large, max-video-preview:-1\" \/>\n<link rel=\"canonical\" href=\"https:\/\/www.prohit.com.tr\/index.php\/bilgi-guvenligi-politikamiz\/\" \/>\n<meta property=\"og:locale\" content=\"tr_TR\" \/>\n<meta property=\"og:type\" content=\"article\" \/>\n<meta property=\"og:title\" content=\"Bilgi G\u00fcvenli\u011fi Politikam\u0131z - Prohit\" \/>\n<meta property=\"og:description\" content=\"B\u0130LG\u0130 G\u00dcVENL\u0130\u011e\u0130 POL\u0130T\u0130KAMIZ Anasayfa Bilgi G\u00fcvenli\u011fi Politikam\u0131z Bilgi G\u00fcvenli\u011fi Politikam\u0131z Prohit M\u00fchendislik Ltd.\u015eti., kritik \u00f6neme sahip sistemlerinde yer alan t\u00fcm bilgi varl\u0131klar\u0131n\u0131 korumay\u0131, bilgi g\u00fcvenli\u011fi \u00e7er\u00e7evesinde mevzuatla, s\u00f6zle\u015fmelerle ve uluslararas\u0131 standartlarla uyumlu \u00e7al\u0131\u015fmay\u0131, bilgi g\u00fcvenli\u011fi y\u00f6netim sistemindeki riskleri y\u00f6netmeyi, d\u00fczeltici ve s\u00fcrekli iyile\u015ftirici faaliyetlerde bulunmay\u0131 ve kurulu\u015f amac\u0131na uygun olarak s\u00fcrd\u00fcr\u00fclebilir bir sistem kurmay\u0131 taahh\u00fct [&hellip;]\" \/>\n<meta property=\"og:url\" content=\"https:\/\/www.prohit.com.tr\/index.php\/bilgi-guvenligi-politikamiz\/\" \/>\n<meta property=\"og:site_name\" content=\"Prohit\" \/>\n<meta property=\"article:modified_time\" content=\"2025-03-24T21:43:13+00:00\" \/>\n<meta name=\"twitter:card\" content=\"summary_large_image\" \/>\n<meta name=\"twitter:label1\" content=\"Tahmini okuma s\u00fcresi\" \/>\n\t<meta name=\"twitter:data1\" content=\"1 dakika\" \/>\n<script type=\"application\/ld+json\" class=\"yoast-schema-graph\">{\"@context\":\"https:\/\/schema.org\",\"@graph\":[{\"@type\":\"WebPage\",\"@id\":\"https:\/\/www.prohit.com.tr\/index.php\/bilgi-guvenligi-politikamiz\/\",\"url\":\"https:\/\/www.prohit.com.tr\/index.php\/bilgi-guvenligi-politikamiz\/\",\"name\":\"Bilgi G\u00fcvenli\u011fi Politikam\u0131z - Prohit\",\"isPartOf\":{\"@id\":\"https:\/\/www.prohit.com.tr\/#website\"},\"datePublished\":\"2025-03-24T21:32:11+00:00\",\"dateModified\":\"2025-03-24T21:43:13+00:00\",\"breadcrumb\":{\"@id\":\"https:\/\/www.prohit.com.tr\/index.php\/bilgi-guvenligi-politikamiz\/#breadcrumb\"},\"inLanguage\":\"tr\",\"potentialAction\":[{\"@type\":\"ReadAction\",\"target\":[\"https:\/\/www.prohit.com.tr\/index.php\/bilgi-guvenligi-politikamiz\/\"]}]},{\"@type\":\"BreadcrumbList\",\"@id\":\"https:\/\/www.prohit.com.tr\/index.php\/bilgi-guvenligi-politikamiz\/#breadcrumb\",\"itemListElement\":[{\"@type\":\"ListItem\",\"position\":1,\"name\":\"Anasayfa\",\"item\":\"https:\/\/www.prohit.com.tr\/\"},{\"@type\":\"ListItem\",\"position\":2,\"name\":\"Bilgi G\u00fcvenli\u011fi Politikam\u0131z\"}]},{\"@type\":\"WebSite\",\"@id\":\"https:\/\/www.prohit.com.tr\/#website\",\"url\":\"https:\/\/www.prohit.com.tr\/\",\"name\":\"Prohit\",\"description\":\"M\u00fchendislik\",\"publisher\":{\"@id\":\"https:\/\/www.prohit.com.tr\/#organization\"},\"potentialAction\":[{\"@type\":\"SearchAction\",\"target\":{\"@type\":\"EntryPoint\",\"urlTemplate\":\"https:\/\/www.prohit.com.tr\/?s={search_term_string}\"},\"query-input\":\"required name=search_term_string\"}],\"inLanguage\":\"tr\"},{\"@type\":\"Organization\",\"@id\":\"https:\/\/www.prohit.com.tr\/#organization\",\"name\":\"Prohit\",\"url\":\"https:\/\/www.prohit.com.tr\/\",\"logo\":{\"@type\":\"ImageObject\",\"inLanguage\":\"tr\",\"@id\":\"https:\/\/www.prohit.com.tr\/#\/schema\/logo\/image\/\",\"url\":\"https:\/\/www.prohit.com.tr\/wp-content\/uploads\/2023\/01\/LOGO-1.png\",\"contentUrl\":\"https:\/\/www.prohit.com.tr\/wp-content\/uploads\/2023\/01\/LOGO-1.png\",\"width\":1024,\"height\":457,\"caption\":\"Prohit\"},\"image\":{\"@id\":\"https:\/\/www.prohit.com.tr\/#\/schema\/logo\/image\/\"}}]}<\/script>\n<!-- \/ Yoast SEO plugin. -->","yoast_head_json":{"title":"Bilgi G\u00fcvenli\u011fi Politikam\u0131z - Prohit","robots":{"index":"index","follow":"follow","max-snippet":"max-snippet:-1","max-image-preview":"max-image-preview:large","max-video-preview":"max-video-preview:-1"},"canonical":"https:\/\/www.prohit.com.tr\/index.php\/bilgi-guvenligi-politikamiz\/","og_locale":"tr_TR","og_type":"article","og_title":"Bilgi G\u00fcvenli\u011fi Politikam\u0131z - Prohit","og_description":"B\u0130LG\u0130 G\u00dcVENL\u0130\u011e\u0130 POL\u0130T\u0130KAMIZ Anasayfa Bilgi G\u00fcvenli\u011fi Politikam\u0131z Bilgi G\u00fcvenli\u011fi Politikam\u0131z Prohit M\u00fchendislik Ltd.\u015eti., kritik \u00f6neme sahip sistemlerinde yer alan t\u00fcm bilgi varl\u0131klar\u0131n\u0131 korumay\u0131, bilgi g\u00fcvenli\u011fi \u00e7er\u00e7evesinde mevzuatla, s\u00f6zle\u015fmelerle ve uluslararas\u0131 standartlarla uyumlu \u00e7al\u0131\u015fmay\u0131, bilgi g\u00fcvenli\u011fi y\u00f6netim sistemindeki riskleri y\u00f6netmeyi, d\u00fczeltici ve s\u00fcrekli iyile\u015ftirici faaliyetlerde bulunmay\u0131 ve kurulu\u015f amac\u0131na uygun olarak s\u00fcrd\u00fcr\u00fclebilir bir sistem kurmay\u0131 taahh\u00fct [&hellip;]","og_url":"https:\/\/www.prohit.com.tr\/index.php\/bilgi-guvenligi-politikamiz\/","og_site_name":"Prohit","article_modified_time":"2025-03-24T21:43:13+00:00","twitter_card":"summary_large_image","twitter_misc":{"Tahmini okuma s\u00fcresi":"1 dakika"},"schema":{"@context":"https:\/\/schema.org","@graph":[{"@type":"WebPage","@id":"https:\/\/www.prohit.com.tr\/index.php\/bilgi-guvenligi-politikamiz\/","url":"https:\/\/www.prohit.com.tr\/index.php\/bilgi-guvenligi-politikamiz\/","name":"Bilgi G\u00fcvenli\u011fi Politikam\u0131z - Prohit","isPartOf":{"@id":"https:\/\/www.prohit.com.tr\/#website"},"datePublished":"2025-03-24T21:32:11+00:00","dateModified":"2025-03-24T21:43:13+00:00","breadcrumb":{"@id":"https:\/\/www.prohit.com.tr\/index.php\/bilgi-guvenligi-politikamiz\/#breadcrumb"},"inLanguage":"tr","potentialAction":[{"@type":"ReadAction","target":["https:\/\/www.prohit.com.tr\/index.php\/bilgi-guvenligi-politikamiz\/"]}]},{"@type":"BreadcrumbList","@id":"https:\/\/www.prohit.com.tr\/index.php\/bilgi-guvenligi-politikamiz\/#breadcrumb","itemListElement":[{"@type":"ListItem","position":1,"name":"Anasayfa","item":"https:\/\/www.prohit.com.tr\/"},{"@type":"ListItem","position":2,"name":"Bilgi G\u00fcvenli\u011fi Politikam\u0131z"}]},{"@type":"WebSite","@id":"https:\/\/www.prohit.com.tr\/#website","url":"https:\/\/www.prohit.com.tr\/","name":"Prohit","description":"M\u00fchendislik","publisher":{"@id":"https:\/\/www.prohit.com.tr\/#organization"},"potentialAction":[{"@type":"SearchAction","target":{"@type":"EntryPoint","urlTemplate":"https:\/\/www.prohit.com.tr\/?s={search_term_string}"},"query-input":"required name=search_term_string"}],"inLanguage":"tr"},{"@type":"Organization","@id":"https:\/\/www.prohit.com.tr\/#organization","name":"Prohit","url":"https:\/\/www.prohit.com.tr\/","logo":{"@type":"ImageObject","inLanguage":"tr","@id":"https:\/\/www.prohit.com.tr\/#\/schema\/logo\/image\/","url":"https:\/\/www.prohit.com.tr\/wp-content\/uploads\/2023\/01\/LOGO-1.png","contentUrl":"https:\/\/www.prohit.com.tr\/wp-content\/uploads\/2023\/01\/LOGO-1.png","width":1024,"height":457,"caption":"Prohit"},"image":{"@id":"https:\/\/www.prohit.com.tr\/#\/schema\/logo\/image\/"}}]}},"_links":{"self":[{"href":"https:\/\/www.prohit.com.tr\/index.php\/wp-json\/wp\/v2\/pages\/5468","targetHints":{"allow":["GET"]}}],"collection":[{"href":"https:\/\/www.prohit.com.tr\/index.php\/wp-json\/wp\/v2\/pages"}],"about":[{"href":"https:\/\/www.prohit.com.tr\/index.php\/wp-json\/wp\/v2\/types\/page"}],"author":[{"embeddable":true,"href":"https:\/\/www.prohit.com.tr\/index.php\/wp-json\/wp\/v2\/users\/1"}],"replies":[{"embeddable":true,"href":"https:\/\/www.prohit.com.tr\/index.php\/wp-json\/wp\/v2\/comments?post=5468"}],"version-history":[{"count":14,"href":"https:\/\/www.prohit.com.tr\/index.php\/wp-json\/wp\/v2\/pages\/5468\/revisions"}],"predecessor-version":[{"id":5492,"href":"https:\/\/www.prohit.com.tr\/index.php\/wp-json\/wp\/v2\/pages\/5468\/revisions\/5492"}],"wp:attachment":[{"href":"https:\/\/www.prohit.com.tr\/index.php\/wp-json\/wp\/v2\/media?parent=5468"}],"curies":[{"name":"wp","href":"https:\/\/api.w.org\/{rel}","templated":true}]}}