{"id":157,"date":"2023-07-31T00:00:40","date_gmt":"2023-07-30T21:00:40","guid":{"rendered":"https:\/\/ycsrollform.com\/?page_id=157"},"modified":"2023-07-31T12:49:12","modified_gmt":"2023-07-31T09:49:12","slug":"blog","status":"publish","type":"page","link":"https:\/\/www.prohit.com.tr\/index.php\/blog\/","title":{"rendered":"Blog"},"content":{"rendered":"\t\t<div data-elementor-type=\"wp-page\" data-elementor-id=\"157\" class=\"elementor elementor-157\">\n\t\t\t\t\t\t\t\t\t<section class=\"elementor-section elementor-top-section elementor-element elementor-element-a88606d elementor-section-content-middle elementor-section-boxed elementor-section-height-default elementor-section-height-default\" data-id=\"a88606d\" data-element_type=\"section\" data-settings=\"{&quot;background_background&quot;:&quot;classic&quot;}\">\n\t\t\t\t\t\t\t<div class=\"elementor-background-overlay\"><\/div>\n\t\t\t\t\t\t\t<div class=\"elementor-container elementor-column-gap-no\">\n\t\t\t\t\t<div class=\"elementor-column elementor-col-100 elementor-top-column elementor-element elementor-element-c3f6284\" data-id=\"c3f6284\" data-element_type=\"column\">\n\t\t\t<div class=\"elementor-widget-wrap elementor-element-populated\">\n\t\t\t\t\t\t\t\t<div class=\"elementor-element elementor-element-c347449 elementor-widget elementor-widget-heading\" data-id=\"c347449\" data-element_type=\"widget\" data-widget_type=\"heading.default\">\n\t\t\t\t<div class=\"elementor-widget-container\">\n\t\t\t<style>\/*! elementor - v3.16.0 - 12-09-2023 *\/\n.elementor-heading-title{padding:0;margin:0;line-height:1}.elementor-widget-heading .elementor-heading-title[class*=elementor-size-]>a{color:inherit;font-size:inherit;line-height:inherit}.elementor-widget-heading .elementor-heading-title.elementor-size-small{font-size:15px}.elementor-widget-heading .elementor-heading-title.elementor-size-medium{font-size:19px}.elementor-widget-heading .elementor-heading-title.elementor-size-large{font-size:29px}.elementor-widget-heading .elementor-heading-title.elementor-size-xl{font-size:39px}.elementor-widget-heading .elementor-heading-title.elementor-size-xxl{font-size:59px}<\/style><h1 class=\"elementor-heading-title elementor-size-default\">Blog<\/h1>\t\t<\/div>\n\t\t\t\t<\/div>\n\t\t\t\t<div class=\"elementor-element elementor-element-663c1c2 elementor-icon-list--layout-inline elementor-align-left elementor-mobile-align-center elementor-list-item-link-full_width elementor-widget elementor-widget-icon-list\" data-id=\"663c1c2\" data-element_type=\"widget\" data-widget_type=\"icon-list.default\">\n\t\t\t\t<div class=\"elementor-widget-container\">\n\t\t\t<link rel=\"stylesheet\" href=\"https:\/\/www.prohit.com.tr\/wp-content\/plugins\/elementor\/assets\/css\/widget-icon-list.min.css\">\t\t<ul class=\"elementor-icon-list-items elementor-inline-items\">\n\t\t\t\t\t\t\t<li class=\"elementor-icon-list-item elementor-inline-item\">\n\t\t\t\t\t\t\t\t\t\t\t<a href=\"https:\/\/progenelektrik.com\/\">\n\n\t\t\t\t\t\t\t\t\t\t\t<span class=\"elementor-icon-list-text\">Anasayfa<\/span>\n\t\t\t\t\t\t\t\t\t\t\t<\/a>\n\t\t\t\t\t\t\t\t\t<\/li>\n\t\t\t\t\t\t\t\t<li class=\"elementor-icon-list-item elementor-inline-item\">\n\t\t\t\t\t\t\t\t\t\t\t<a href=\"#\">\n\n\t\t\t\t\t\t\t\t\t\t\t\t<span class=\"elementor-icon-list-icon\">\n\t\t\t\t\t\t\t<i aria-hidden=\"true\" class=\"fas fa-angle-right\"><\/i>\t\t\t\t\t\t<\/span>\n\t\t\t\t\t\t\t\t\t\t<span class=\"elementor-icon-list-text\">Blog<\/span>\n\t\t\t\t\t\t\t\t\t\t\t<\/a>\n\t\t\t\t\t\t\t\t\t<\/li>\n\t\t\t\t\t\t<\/ul>\n\t\t\t\t<\/div>\n\t\t\t\t<\/div>\n\t\t\t\t\t<\/div>\n\t\t<\/div>\n\t\t\t\t\t\t\t<\/div>\n\t\t<\/section>\n\t\t\t\t<section class=\"elementor-section elementor-top-section elementor-element elementor-element-343fcd4 elementor-section-boxed elementor-section-height-default elementor-section-height-default\" data-id=\"343fcd4\" data-element_type=\"section\">\n\t\t\t\t\t\t<div class=\"elementor-container elementor-column-gap-default\">\n\t\t\t\t\t<div class=\"elementor-column elementor-col-100 elementor-top-column elementor-element elementor-element-56f337e\" data-id=\"56f337e\" data-element_type=\"column\">\n\t\t\t<div class=\"elementor-widget-wrap elementor-element-populated\">\n\t\t\t\t\t\t\t\t<div class=\"elementor-element elementor-element-8c2ddd3 elementor-widget elementor-widget-elementskit-blog-posts\" data-id=\"8c2ddd3\" data-element_type=\"widget\" data-widget_type=\"elementskit-blog-posts.default\">\n\t\t\t\t<div class=\"elementor-widget-container\">\n\t\t\t<div class=\"ekit-wid-con\" >        <div id=\"post-items--8c2ddd3\" class=\"row post-items\">\n                <\/div>\n       <\/div>\t\t<\/div>\n\t\t\t\t<\/div>\n\t\t\t\t\t<\/div>\n\t\t<\/div>\n\t\t\t\t\t\t\t<\/div>\n\t\t<\/section>\n\t\t\t\t\t\t\t<\/div>\n\t\t","protected":false},"excerpt":{"rendered":"<p>Blog Anasayfa Blog Trafo Tamirine Hangi Durumlarda \u0130htiya\u00e7 Duyulur? Trafo Tamirine Hangi Durumlarda \u0130htiya\u00e7 Duyulur? Anasayfa Blog Trafo cihazlar\u0131, elektrik enerjisini bir voltaj seviyesinden di\u011ferine d\u00f6n\u00fc\u015ft\u00fcrmek i\u00e7in kullan\u0131lan \u00f6nemli bile\u015fenlerdir. Ancak, zaman i\u00e7inde trafo&hellip; Devam\u0131n\u0131 oku \u015ealt Sahas\u0131 Bak\u0131m\u0131 \u015ealt Sahas\u0131 Bak\u0131m\u0131 Anasayfa Blog \u015ealt sahas\u0131 bak\u0131m\u0131, elektrik sistemi i\u00e7indeki \u015falt sahas\u0131 bile\u015fenlerinin d\u00fczenli olarak [&hellip;]<\/p>\n","protected":false},"author":1,"featured_media":0,"parent":0,"menu_order":0,"comment_status":"closed","ping_status":"closed","template":"elementor_header_footer","meta":{"inline_featured_image":false,"footnotes":""},"class_list":["post-157","page","type-page","status-publish","hentry"],"yoast_head":"<!-- This site is optimized with the Yoast SEO plugin v21.1 - https:\/\/yoast.com\/wordpress\/plugins\/seo\/ -->\n<title>Blog - Prohit<\/title>\n<meta name=\"robots\" content=\"index, follow, max-snippet:-1, max-image-preview:large, max-video-preview:-1\" \/>\n<link rel=\"canonical\" href=\"https:\/\/www.prohit.com.tr\/index.php\/blog\/\" \/>\n<meta property=\"og:locale\" content=\"tr_TR\" \/>\n<meta property=\"og:type\" content=\"article\" \/>\n<meta property=\"og:title\" content=\"Blog - Prohit\" \/>\n<meta property=\"og:description\" content=\"Blog Anasayfa Blog Trafo Tamirine Hangi Durumlarda \u0130htiya\u00e7 Duyulur? Trafo Tamirine Hangi Durumlarda \u0130htiya\u00e7 Duyulur? Anasayfa Blog Trafo cihazlar\u0131, elektrik enerjisini bir voltaj seviyesinden di\u011ferine d\u00f6n\u00fc\u015ft\u00fcrmek i\u00e7in kullan\u0131lan \u00f6nemli bile\u015fenlerdir. Ancak, zaman i\u00e7inde trafo&hellip; Devam\u0131n\u0131 oku \u015ealt Sahas\u0131 Bak\u0131m\u0131 \u015ealt Sahas\u0131 Bak\u0131m\u0131 Anasayfa Blog \u015ealt sahas\u0131 bak\u0131m\u0131, elektrik sistemi i\u00e7indeki \u015falt sahas\u0131 bile\u015fenlerinin d\u00fczenli olarak [&hellip;]\" \/>\n<meta property=\"og:url\" content=\"https:\/\/www.prohit.com.tr\/index.php\/blog\/\" \/>\n<meta property=\"og:site_name\" content=\"Prohit\" \/>\n<meta property=\"article:modified_time\" content=\"2023-07-31T09:49:12+00:00\" \/>\n<meta property=\"og:image\" content=\"https:\/\/www.prohit.com.tr\/wp-content\/uploads\/2023\/05\/blog-768x768.jpg\" \/>\n<meta name=\"twitter:card\" content=\"summary_large_image\" \/>\n<meta name=\"twitter:label1\" content=\"Tahmini okuma s\u00fcresi\" \/>\n\t<meta name=\"twitter:data1\" content=\"6 dakika\" \/>\n<script type=\"application\/ld+json\" class=\"yoast-schema-graph\">{\"@context\":\"https:\/\/schema.org\",\"@graph\":[{\"@type\":\"WebPage\",\"@id\":\"https:\/\/www.prohit.com.tr\/index.php\/blog\/\",\"url\":\"https:\/\/www.prohit.com.tr\/index.php\/blog\/\",\"name\":\"Blog - Prohit\",\"isPartOf\":{\"@id\":\"https:\/\/www.prohit.com.tr\/#website\"},\"datePublished\":\"2023-07-30T21:00:40+00:00\",\"dateModified\":\"2023-07-31T09:49:12+00:00\",\"breadcrumb\":{\"@id\":\"https:\/\/www.prohit.com.tr\/index.php\/blog\/#breadcrumb\"},\"inLanguage\":\"tr\",\"potentialAction\":[{\"@type\":\"ReadAction\",\"target\":[\"https:\/\/www.prohit.com.tr\/index.php\/blog\/\"]}]},{\"@type\":\"BreadcrumbList\",\"@id\":\"https:\/\/www.prohit.com.tr\/index.php\/blog\/#breadcrumb\",\"itemListElement\":[{\"@type\":\"ListItem\",\"position\":1,\"name\":\"Anasayfa\",\"item\":\"https:\/\/www.prohit.com.tr\/\"},{\"@type\":\"ListItem\",\"position\":2,\"name\":\"Blog\"}]},{\"@type\":\"WebSite\",\"@id\":\"https:\/\/www.prohit.com.tr\/#website\",\"url\":\"https:\/\/www.prohit.com.tr\/\",\"name\":\"Prohit\",\"description\":\"M\u00fchendislik\",\"publisher\":{\"@id\":\"https:\/\/www.prohit.com.tr\/#organization\"},\"potentialAction\":[{\"@type\":\"SearchAction\",\"target\":{\"@type\":\"EntryPoint\",\"urlTemplate\":\"https:\/\/www.prohit.com.tr\/?s={search_term_string}\"},\"query-input\":\"required name=search_term_string\"}],\"inLanguage\":\"tr\"},{\"@type\":\"Organization\",\"@id\":\"https:\/\/www.prohit.com.tr\/#organization\",\"name\":\"Prohit\",\"url\":\"https:\/\/www.prohit.com.tr\/\",\"logo\":{\"@type\":\"ImageObject\",\"inLanguage\":\"tr\",\"@id\":\"https:\/\/www.prohit.com.tr\/#\/schema\/logo\/image\/\",\"url\":\"https:\/\/www.prohit.com.tr\/wp-content\/uploads\/2023\/01\/LOGO-1.png\",\"contentUrl\":\"https:\/\/www.prohit.com.tr\/wp-content\/uploads\/2023\/01\/LOGO-1.png\",\"width\":1024,\"height\":457,\"caption\":\"Prohit\"},\"image\":{\"@id\":\"https:\/\/www.prohit.com.tr\/#\/schema\/logo\/image\/\"}}]}<\/script>\n<!-- \/ Yoast SEO plugin. -->","yoast_head_json":{"title":"Blog - Prohit","robots":{"index":"index","follow":"follow","max-snippet":"max-snippet:-1","max-image-preview":"max-image-preview:large","max-video-preview":"max-video-preview:-1"},"canonical":"https:\/\/www.prohit.com.tr\/index.php\/blog\/","og_locale":"tr_TR","og_type":"article","og_title":"Blog - Prohit","og_description":"Blog Anasayfa Blog Trafo Tamirine Hangi Durumlarda \u0130htiya\u00e7 Duyulur? Trafo Tamirine Hangi Durumlarda \u0130htiya\u00e7 Duyulur? Anasayfa Blog Trafo cihazlar\u0131, elektrik enerjisini bir voltaj seviyesinden di\u011ferine d\u00f6n\u00fc\u015ft\u00fcrmek i\u00e7in kullan\u0131lan \u00f6nemli bile\u015fenlerdir. Ancak, zaman i\u00e7inde trafo&hellip; Devam\u0131n\u0131 oku \u015ealt Sahas\u0131 Bak\u0131m\u0131 \u015ealt Sahas\u0131 Bak\u0131m\u0131 Anasayfa Blog \u015ealt sahas\u0131 bak\u0131m\u0131, elektrik sistemi i\u00e7indeki \u015falt sahas\u0131 bile\u015fenlerinin d\u00fczenli olarak [&hellip;]","og_url":"https:\/\/www.prohit.com.tr\/index.php\/blog\/","og_site_name":"Prohit","article_modified_time":"2023-07-31T09:49:12+00:00","og_image":[{"url":"https:\/\/www.prohit.com.tr\/wp-content\/uploads\/2023\/05\/blog-768x768.jpg"}],"twitter_card":"summary_large_image","twitter_misc":{"Tahmini okuma s\u00fcresi":"6 dakika"},"schema":{"@context":"https:\/\/schema.org","@graph":[{"@type":"WebPage","@id":"https:\/\/www.prohit.com.tr\/index.php\/blog\/","url":"https:\/\/www.prohit.com.tr\/index.php\/blog\/","name":"Blog - Prohit","isPartOf":{"@id":"https:\/\/www.prohit.com.tr\/#website"},"datePublished":"2023-07-30T21:00:40+00:00","dateModified":"2023-07-31T09:49:12+00:00","breadcrumb":{"@id":"https:\/\/www.prohit.com.tr\/index.php\/blog\/#breadcrumb"},"inLanguage":"tr","potentialAction":[{"@type":"ReadAction","target":["https:\/\/www.prohit.com.tr\/index.php\/blog\/"]}]},{"@type":"BreadcrumbList","@id":"https:\/\/www.prohit.com.tr\/index.php\/blog\/#breadcrumb","itemListElement":[{"@type":"ListItem","position":1,"name":"Anasayfa","item":"https:\/\/www.prohit.com.tr\/"},{"@type":"ListItem","position":2,"name":"Blog"}]},{"@type":"WebSite","@id":"https:\/\/www.prohit.com.tr\/#website","url":"https:\/\/www.prohit.com.tr\/","name":"Prohit","description":"M\u00fchendislik","publisher":{"@id":"https:\/\/www.prohit.com.tr\/#organization"},"potentialAction":[{"@type":"SearchAction","target":{"@type":"EntryPoint","urlTemplate":"https:\/\/www.prohit.com.tr\/?s={search_term_string}"},"query-input":"required name=search_term_string"}],"inLanguage":"tr"},{"@type":"Organization","@id":"https:\/\/www.prohit.com.tr\/#organization","name":"Prohit","url":"https:\/\/www.prohit.com.tr\/","logo":{"@type":"ImageObject","inLanguage":"tr","@id":"https:\/\/www.prohit.com.tr\/#\/schema\/logo\/image\/","url":"https:\/\/www.prohit.com.tr\/wp-content\/uploads\/2023\/01\/LOGO-1.png","contentUrl":"https:\/\/www.prohit.com.tr\/wp-content\/uploads\/2023\/01\/LOGO-1.png","width":1024,"height":457,"caption":"Prohit"},"image":{"@id":"https:\/\/www.prohit.com.tr\/#\/schema\/logo\/image\/"}}]}},"_links":{"self":[{"href":"https:\/\/www.prohit.com.tr\/index.php\/wp-json\/wp\/v2\/pages\/157","targetHints":{"allow":["GET"]}}],"collection":[{"href":"https:\/\/www.prohit.com.tr\/index.php\/wp-json\/wp\/v2\/pages"}],"about":[{"href":"https:\/\/www.prohit.com.tr\/index.php\/wp-json\/wp\/v2\/types\/page"}],"author":[{"embeddable":true,"href":"https:\/\/www.prohit.com.tr\/index.php\/wp-json\/wp\/v2\/users\/1"}],"replies":[{"embeddable":true,"href":"https:\/\/www.prohit.com.tr\/index.php\/wp-json\/wp\/v2\/comments?post=157"}],"version-history":[{"count":1,"href":"https:\/\/www.prohit.com.tr\/index.php\/wp-json\/wp\/v2\/pages\/157\/revisions"}],"predecessor-version":[{"id":4709,"href":"https:\/\/www.prohit.com.tr\/index.php\/wp-json\/wp\/v2\/pages\/157\/revisions\/4709"}],"wp:attachment":[{"href":"https:\/\/www.prohit.com.tr\/index.php\/wp-json\/wp\/v2\/media?parent=157"}],"curies":[{"name":"wp","href":"https:\/\/api.w.org\/{rel}","templated":true}]}}